{"id":219,"date":"2022-08-17T05:43:00","date_gmt":"2022-08-17T05:43:00","guid":{"rendered":"https:\/\/antoniosubtil.site-temporario.pt\/?page_id=219"},"modified":"2026-03-09T16:57:32","modified_gmt":"2026-03-09T16:57:32","slug":"contacto","status":"publish","type":"page","link":"https:\/\/antoniosubtil.site-temporario.pt\/?page_id=219","title":{"rendered":"Contacto"},"content":{"rendered":"\t\t<div data-elementor-type=\"wp-page\" data-elementor-id=\"219\" class=\"elementor elementor-219\">\n\t\t\t\t\t\t<section class=\"elementor-section elementor-top-section elementor-element elementor-element-f73d30f elementor-section-stretched elementor-section-boxed elementor-section-height-default elementor-section-height-default\" data-id=\"f73d30f\" data-element_type=\"section\" data-e-type=\"section\" data-settings=\"{&quot;stretch_section&quot;:&quot;section-stretched&quot;,&quot;background_background&quot;:&quot;classic&quot;}\">\n\t\t\t\t\t\t<div class=\"elementor-container elementor-column-gap-wider\">\n\t\t\t\t\t<div class=\"elementor-column elementor-col-100 elementor-top-column elementor-element elementor-element-4cdf070\" data-id=\"4cdf070\" data-element_type=\"column\" data-e-type=\"column\">\n\t\t\t<div class=\"elementor-widget-wrap elementor-element-populated\">\n\t\t\t\t\t\t<section class=\"elementor-section elementor-inner-section elementor-element elementor-element-3d25d60 elementor-section-content-middle elementor-section-boxed elementor-section-height-default elementor-section-height-default\" data-id=\"3d25d60\" data-element_type=\"section\" data-e-type=\"section\">\n\t\t\t\t\t\t<div class=\"elementor-container elementor-column-gap-default\">\n\t\t\t\t\t<div class=\"elementor-column elementor-col-50 elementor-inner-column elementor-element elementor-element-9d0781d\" data-id=\"9d0781d\" data-element_type=\"column\" data-e-type=\"column\">\n\t\t\t<div class=\"elementor-widget-wrap elementor-element-populated\">\n\t\t\t\t\t\t<div class=\"elementor-element elementor-element-a4ca4be elementor-widget elementor-widget-heading\" data-id=\"a4ca4be\" data-element_type=\"widget\" data-e-type=\"widget\" data-widget_type=\"heading.default\">\n\t\t\t\t\t<h2 class=\"elementor-heading-title elementor-size-default\">Entre em <span style=\"color:#00BCD4\">Contacto.<\/span><\/h2>\t\t\t\t<\/div>\n\t\t\t\t<div class=\"elementor-element elementor-element-71a721a elementor-position-left elementor-vertical-align-middle elementor-widget elementor-widget-image-box\" data-id=\"71a721a\" data-element_type=\"widget\" data-e-type=\"widget\" data-widget_type=\"image-box.default\">\n\t\t\t\t\t<div class=\"elementor-image-box-wrapper\"><figure class=\"elementor-image-box-img\"><a href=\"tel:+351933410903\" tabindex=\"-1\"><img fetchpriority=\"high\" decoding=\"async\" width=\"512\" height=\"512\" src=\"https:\/\/antoniosubtil.site-temporario.pt\/wp-content\/uploads\/2026\/03\/telefone.png\" class=\"attachment-full size-full wp-image-481\" alt=\"\" srcset=\"https:\/\/antoniosubtil.site-temporario.pt\/wp-content\/uploads\/2026\/03\/telefone.png 512w, https:\/\/antoniosubtil.site-temporario.pt\/wp-content\/uploads\/2026\/03\/telefone-500x500.png 500w, https:\/\/antoniosubtil.site-temporario.pt\/wp-content\/uploads\/2026\/03\/telefone-300x300.png 300w, https:\/\/antoniosubtil.site-temporario.pt\/wp-content\/uploads\/2026\/03\/telefone-150x150.png 150w, https:\/\/antoniosubtil.site-temporario.pt\/wp-content\/uploads\/2026\/03\/telefone-75x75.png 75w, https:\/\/antoniosubtil.site-temporario.pt\/wp-content\/uploads\/2026\/03\/telefone-480x480.png 480w\" sizes=\"(max-width:767px) 480px, 512px\" \/><\/a><\/figure><div class=\"elementor-image-box-content\"><h4 class=\"elementor-image-box-title\"><a href=\"tel:+351933410903\">+351 933 410 903<\/a><\/h4><\/div><\/div>\t\t\t\t<\/div>\n\t\t\t\t<div class=\"elementor-element elementor-element-78eb521 elementor-widget elementor-widget-shortcode\" data-id=\"78eb521\" data-element_type=\"widget\" data-e-type=\"widget\" data-widget_type=\"shortcode.default\">\n\t\t\t\t\t\t\t<div class=\"elementor-shortcode\">\n<div class=\"wpcf7 no-js\" id=\"wpcf7-f245-o1\" lang=\"en-US\" dir=\"ltr\" data-wpcf7-id=\"245\">\n<div class=\"screen-reader-response\"><p role=\"status\" aria-live=\"polite\" aria-atomic=\"true\"><\/p> <ul><\/ul><\/div>\n<form action=\"\/index.php?rest_route=%2Fwp%2Fv2%2Fpages%2F219#wpcf7-f245-o1\" method=\"post\" class=\"wpcf7-form init\" aria-label=\"Contact form\" novalidate=\"novalidate\" data-status=\"init\">\n<fieldset class=\"hidden-fields-container\"><input type=\"hidden\" name=\"_wpcf7\" value=\"245\" \/><input type=\"hidden\" name=\"_wpcf7_version\" value=\"6.1.5\" \/><input type=\"hidden\" name=\"_wpcf7_locale\" value=\"en_US\" \/><input type=\"hidden\" name=\"_wpcf7_unit_tag\" value=\"wpcf7-f245-o1\" \/><input type=\"hidden\" name=\"_wpcf7_container_post\" value=\"0\" \/><input type=\"hidden\" name=\"_wpcf7_posted_data_hash\" value=\"\" \/>\n<\/fieldset>\n<div class=\"column one\">\n\t<p><span class=\"wpcf7-form-control-wrap\" data-name=\"your-name\"><input size=\"40\" maxlength=\"400\" class=\"wpcf7-form-control wpcf7-text wpcf7-validates-as-required\" aria-required=\"true\" aria-invalid=\"false\" placeholder=\"Nome Completo *\" value=\"\" type=\"text\" name=\"your-name\" \/><\/span>\n\t<\/p>\n<\/div>\n<div class=\"column one\">\n\t<p><span class=\"wpcf7-form-control-wrap\" data-name=\"your-phone\"><input size=\"40\" maxlength=\"400\" class=\"wpcf7-form-control wpcf7-tel wpcf7-validates-as-required wpcf7-text wpcf7-validates-as-tel\" aria-required=\"true\" aria-invalid=\"false\" placeholder=\"Telem\u00f3vel *\" value=\"\" type=\"tel\" name=\"your-phone\" \/><\/span>\n\t<\/p>\n<\/div>\n<div class=\"column one\">\n\t<p><span class=\"wpcf7-form-control-wrap\" data-name=\"your-email\"><input size=\"40\" maxlength=\"400\" class=\"wpcf7-form-control wpcf7-email wpcf7-validates-as-required wpcf7-text wpcf7-validates-as-email\" aria-required=\"true\" aria-invalid=\"false\" placeholder=\"E-mail *\" value=\"\" type=\"email\" name=\"your-email\" \/><\/span>\n\t<\/p>\n<\/div>\n<div class=\"column one\">\n\t<p><span class=\"wpcf7-form-control-wrap\" data-name=\"your-message\"><textarea cols=\"40\" rows=\"1\" maxlength=\"2000\" class=\"wpcf7-form-control wpcf7-textarea\" aria-invalid=\"false\" placeholder=\"Mensagem\" name=\"your-message\"><\/textarea><\/span>\n\t<\/p>\n<\/div>\n<div class=\"column one\">\n\t<p><input class=\"wpcf7-form-control wpcf7-submit has-spinner\" type=\"submit\" value=\"Enviar\" \/>\n\t<\/p>\n<\/div><div class=\"wpcf7-response-output\" aria-hidden=\"true\"><\/div>\n<\/form>\n<\/div>\n<\/div>\n\t\t\t\t\t\t<\/div>\n\t\t\t\t\t<\/div>\n\t\t<\/div>\n\t\t\t\t<div class=\"elementor-column elementor-col-50 elementor-inner-column elementor-element elementor-element-52f0caa\" data-id=\"52f0caa\" data-element_type=\"column\" data-e-type=\"column\">\n\t\t\t<div class=\"elementor-widget-wrap elementor-element-populated\">\n\t\t\t\t\t\t<div class=\"elementor-element elementor-element-a967c08 elementor-widget__width-initial elementor-widget elementor-widget-image\" data-id=\"a967c08\" data-element_type=\"widget\" data-e-type=\"widget\" data-widget_type=\"image.default\">\n\t\t\t\t\t\t\t\t\t\t\t\t\t\t\t<img decoding=\"async\" width=\"1200\" height=\"800\" src=\"https:\/\/antoniosubtil.site-temporario.pt\/wp-content\/uploads\/2026\/03\/ambroise-nicolao-ze6Z79rHdUk-unsplash-1200x800.jpg\" class=\"attachment-large size-large wp-image-482\" alt=\"\" srcset=\"https:\/\/antoniosubtil.site-temporario.pt\/wp-content\/uploads\/2026\/03\/ambroise-nicolao-ze6Z79rHdUk-unsplash-1200x800.jpg 1200w, https:\/\/antoniosubtil.site-temporario.pt\/wp-content\/uploads\/2026\/03\/ambroise-nicolao-ze6Z79rHdUk-unsplash-500x333.jpg 500w, https:\/\/antoniosubtil.site-temporario.pt\/wp-content\/uploads\/2026\/03\/ambroise-nicolao-ze6Z79rHdUk-unsplash-300x200.jpg 300w, https:\/\/antoniosubtil.site-temporario.pt\/wp-content\/uploads\/2026\/03\/ambroise-nicolao-ze6Z79rHdUk-unsplash-768x512.jpg 768w, https:\/\/antoniosubtil.site-temporario.pt\/wp-content\/uploads\/2026\/03\/ambroise-nicolao-ze6Z79rHdUk-unsplash-1536x1024.jpg 1536w, https:\/\/antoniosubtil.site-temporario.pt\/wp-content\/uploads\/2026\/03\/ambroise-nicolao-ze6Z79rHdUk-unsplash-2048x1365.jpg 2048w, https:\/\/antoniosubtil.site-temporario.pt\/wp-content\/uploads\/2026\/03\/ambroise-nicolao-ze6Z79rHdUk-unsplash-113x75.jpg 113w, https:\/\/antoniosubtil.site-temporario.pt\/wp-content\/uploads\/2026\/03\/ambroise-nicolao-ze6Z79rHdUk-unsplash-480x320.jpg 480w, https:\/\/antoniosubtil.site-temporario.pt\/wp-content\/uploads\/2026\/03\/ambroise-nicolao-ze6Z79rHdUk-unsplash-800x533.jpg 800w\" sizes=\"(max-width:767px) 480px, (max-width:1200px) 100vw, 1200px\" \/>\t\t\t\t\t\t\t\t\t\t\t\t\t\t\t<\/div>\n\t\t\t\t\t<\/div>\n\t\t<\/div>\n\t\t\t\t\t<\/div>\n\t\t<\/section>\n\t\t\t\t\t<\/div>\n\t\t<\/div>\n\t\t\t\t\t<\/div>\n\t\t<\/section>\n\t\t\t\t<section class=\"elementor-section elementor-top-section elementor-element elementor-element-110002e elementor-section-stretched elementor-section-boxed elementor-section-height-default elementor-section-height-default\" data-id=\"110002e\" data-element_type=\"section\" data-e-type=\"section\" data-settings=\"{&quot;stretch_section&quot;:&quot;section-stretched&quot;}\">\n\t\t\t\t\t\t<div class=\"elementor-container elementor-column-gap-wider\">\n\t\t\t\t\t<div class=\"elementor-column elementor-col-100 elementor-top-column elementor-element elementor-element-9649185\" data-id=\"9649185\" data-element_type=\"column\" data-e-type=\"column\">\n\t\t\t<div class=\"elementor-widget-wrap elementor-element-populated\">\n\t\t\t\t\t\t<section class=\"elementor-section elementor-inner-section elementor-element elementor-element-8372d82 elementor-section-boxed elementor-section-height-default elementor-section-height-default\" data-id=\"8372d82\" data-element_type=\"section\" data-e-type=\"section\">\n\t\t\t\t\t\t<div class=\"elementor-container elementor-column-gap-default\">\n\t\t\t\t\t<div class=\"elementor-column elementor-col-100 elementor-inner-column elementor-element elementor-element-b9f6024\" data-id=\"b9f6024\" data-element_type=\"column\" data-e-type=\"column\">\n\t\t\t<div class=\"elementor-widget-wrap elementor-element-populated\">\n\t\t\t\t\t\t<div class=\"elementor-element elementor-element-903f1a4 elementor-widget elementor-widget-heading\" data-id=\"903f1a4\" data-element_type=\"widget\" data-e-type=\"widget\" data-widget_type=\"heading.default\">\n\t\t\t\t\t<h2 class=\"elementor-heading-title elementor-size-default\">Esperamos ansiosamente pela <span style=\"color:#00BCD4\">sua visita.<\/span><\/h2>\t\t\t\t<\/div>\n\t\t\t\t\t<\/div>\n\t\t<\/div>\n\t\t\t\t\t<\/div>\n\t\t<\/section>\n\t\t\t\t<section class=\"elementor-section elementor-inner-section elementor-element elementor-element-98c7330 elementor-section-boxed elementor-section-height-default elementor-section-height-default\" data-id=\"98c7330\" data-element_type=\"section\" data-e-type=\"section\">\n\t\t\t\t\t\t<div class=\"elementor-container elementor-column-gap-default\">\n\t\t\t\t\t<div class=\"elementor-column elementor-col-33 elementor-inner-column elementor-element elementor-element-518d86a\" data-id=\"518d86a\" data-element_type=\"column\" data-e-type=\"column\">\n\t\t\t<div class=\"elementor-widget-wrap elementor-element-populated\">\n\t\t\t\t\t\t<div class=\"elementor-element elementor-element-69cf92c elementor-position-top elementor-widget elementor-widget-image-box\" data-id=\"69cf92c\" data-element_type=\"widget\" data-e-type=\"widget\" data-widget_type=\"image-box.default\">\n\t\t\t\t\t<div class=\"elementor-image-box-wrapper\"><figure class=\"elementor-image-box-img\"><img decoding=\"async\" src=\"https:\/\/antoniosubtil.site-temporario.pt\/wp-content\/uploads\/2022\/08\/bethemestore2-map-pin1.svg\" title=\"\" alt=\"\" class=\"elementor-animation-pulse\" loading=\"lazy\" \/><\/figure><div class=\"elementor-image-box-content\"><h5 class=\"elementor-image-box-title\">Endere\u00e7o<\/h5><p class=\"elementor-image-box-description\">Praceta Nat\u00e1lia Correia, 181A, \n<br>Centro Comercial Mirasol Loja 2\n<br>\n2785-347, S\u00e3o Domingos de Rana<br><br><\/p><\/div><\/div>\t\t\t\t<\/div>\n\t\t\t\t\t<\/div>\n\t\t<\/div>\n\t\t\t\t<div class=\"elementor-column elementor-col-33 elementor-inner-column elementor-element elementor-element-255ab3d\" data-id=\"255ab3d\" data-element_type=\"column\" data-e-type=\"column\">\n\t\t\t<div class=\"elementor-widget-wrap elementor-element-populated\">\n\t\t\t\t\t\t<div class=\"elementor-element elementor-element-c90d76e elementor-position-top elementor-widget elementor-widget-image-box\" data-id=\"c90d76e\" data-element_type=\"widget\" data-e-type=\"widget\" data-widget_type=\"image-box.default\">\n\t\t\t\t\t<div class=\"elementor-image-box-wrapper\"><figure class=\"elementor-image-box-img\"><a href=\"tel:+351933410903\" tabindex=\"-1\"><img decoding=\"async\" src=\"https:\/\/antoniosubtil.site-temporario.pt\/wp-content\/uploads\/2022\/08\/bethemestore2-map-pin2.svg\" title=\"\" alt=\"\" class=\"elementor-animation-pulse\" loading=\"lazy\" \/><\/a><\/figure><div class=\"elementor-image-box-content\"><h5 class=\"elementor-image-box-title\"><a href=\"tel:+351933410903\">Telefone<\/a><\/h5><p class=\"elementor-image-box-description\">+351 933 410 903\u200b <br \/>\n<small>Chamada para rede m\u00f3vel nacional<\/small><br><br><br><\/p><\/div><\/div>\t\t\t\t<\/div>\n\t\t\t\t\t<\/div>\n\t\t<\/div>\n\t\t\t\t<div class=\"elementor-column elementor-col-33 elementor-inner-column elementor-element elementor-element-30786a5\" data-id=\"30786a5\" data-element_type=\"column\" data-e-type=\"column\">\n\t\t\t<div class=\"elementor-widget-wrap elementor-element-populated\">\n\t\t\t\t\t\t<div class=\"elementor-element elementor-element-ce4d03e elementor-position-top elementor-widget elementor-widget-image-box\" data-id=\"ce4d03e\" data-element_type=\"widget\" data-e-type=\"widget\" data-widget_type=\"image-box.default\">\n\t\t\t\t\t<div class=\"elementor-image-box-wrapper\"><figure class=\"elementor-image-box-img\"><img decoding=\"async\" src=\"https:\/\/antoniosubtil.site-temporario.pt\/wp-content\/uploads\/2022\/08\/bethemestore2-map-pin3.svg\" title=\"\" alt=\"\" class=\"elementor-animation-pulse\" loading=\"lazy\" \/><\/figure><div class=\"elementor-image-box-content\"><h5 class=\"elementor-image-box-title\">Hor\u00e1rio de Funcionamento<\/h5><p class=\"elementor-image-box-description\">Segunda a Sexta: 10:30 - 12:30 | 14:00 - 18:30\n<br \/>\nS\u00e1bado: 10:30 - 12:30 | 15:00 - 17:30\n<br \/>\nDomingo: Fechado<\/p><\/div><\/div>\t\t\t\t<\/div>\n\t\t\t\t\t<\/div>\n\t\t<\/div>\n\t\t\t\t\t<\/div>\n\t\t<\/section>\n\t\t\t\t<section class=\"elementor-section elementor-inner-section elementor-element elementor-element-590b71d elementor-section-boxed elementor-section-height-default elementor-section-height-default\" data-id=\"590b71d\" data-element_type=\"section\" data-e-type=\"section\">\n\t\t\t\t\t\t<div class=\"elementor-container elementor-column-gap-default\">\n\t\t\t\t\t<div class=\"elementor-column elementor-col-100 elementor-inner-column elementor-element elementor-element-0227922\" data-id=\"0227922\" data-element_type=\"column\" data-e-type=\"column\" data-settings=\"{&quot;background_background&quot;:&quot;classic&quot;}\">\n\t\t\t<div class=\"elementor-widget-wrap elementor-element-populated\">\n\t\t\t\t\t\t<div class=\"elementor-element elementor-element-35095fd elementor-widget elementor-widget-google_maps\" data-id=\"35095fd\" data-element_type=\"widget\" data-e-type=\"widget\" data-widget_type=\"google_maps.default\">\n\t\t\t\t\t\t\t<div class=\"elementor-custom-embed\">\n\t\t\t<iframe loading=\"lazy\"\n\t\t\t\t\tsrc=\"https:\/\/maps.google.com\/maps?q=Praceta%20Nat%C3%A1lia%20Correia%2C%20181A%20Centro%20Comercial%20MIRASOL%20-%20Lj2%202785-347%20S%C3%A3o%20Domingos%20de%20Rana&#038;t=m&#038;z=14&#038;output=embed&#038;iwloc=near\"\n\t\t\t\t\ttitle=\"Praceta Nat\u00e1lia Correia, 181A Centro Comercial MIRASOL - Lj2 2785-347 S\u00e3o Domingos de Rana\"\n\t\t\t\t\taria-label=\"Praceta Nat\u00e1lia Correia, 181A Centro Comercial MIRASOL - Lj2 2785-347 S\u00e3o Domingos de Rana\"\n\t\t\t><\/iframe>\n\t\t<\/div>\n\t\t\t\t\t\t<\/div>\n\t\t\t\t\t<\/div>\n\t\t<\/div>\n\t\t\t\t\t<\/div>\n\t\t<\/section>\n\t\t\t\t\t<\/div>\n\t\t<\/div>\n\t\t\t\t\t<\/div>\n\t\t<\/section>\n\t\t\t\t<\/div>\n\t\t","protected":false},"excerpt":{"rendered":"<p>Entre em Contacto. +351 933 410 903 Esperamos ansiosamente pela sua visita. Endere\u00e7o Praceta Nat\u00e1lia Correia, 181A, Centro Comercial Mirasol Loja 2 2785-347, S\u00e3o Domingos de<span class=\"excerpt-hellip\"> [\u2026]<\/span><\/p>\n","protected":false},"author":3,"featured_media":0,"parent":0,"menu_order":0,"comment_status":"open","ping_status":"closed","template":"","meta":{"footnotes":""},"class_list":["post-219","page","type-page","status-publish","hentry"],"_links":{"self":[{"href":"https:\/\/antoniosubtil.site-temporario.pt\/index.php?rest_route=\/wp\/v2\/pages\/219","targetHints":{"allow":["GET"]}}],"collection":[{"href":"https:\/\/antoniosubtil.site-temporario.pt\/index.php?rest_route=\/wp\/v2\/pages"}],"about":[{"href":"https:\/\/antoniosubtil.site-temporario.pt\/index.php?rest_route=\/wp\/v2\/types\/page"}],"author":[{"embeddable":true,"href":"https:\/\/antoniosubtil.site-temporario.pt\/index.php?rest_route=\/wp\/v2\/users\/3"}],"replies":[{"embeddable":true,"href":"https:\/\/antoniosubtil.site-temporario.pt\/index.php?rest_route=%2Fwp%2Fv2%2Fcomments&post=219"}],"version-history":[{"count":13,"href":"https:\/\/antoniosubtil.site-temporario.pt\/index.php?rest_route=\/wp\/v2\/pages\/219\/revisions"}],"predecessor-version":[{"id":639,"href":"https:\/\/antoniosubtil.site-temporario.pt\/index.php?rest_route=\/wp\/v2\/pages\/219\/revisions\/639"}],"wp:attachment":[{"href":"https:\/\/antoniosubtil.site-temporario.pt\/index.php?rest_route=%2Fwp%2Fv2%2Fmedia&parent=219"}],"curies":[{"name":"wp","href":"https:\/\/api.w.org\/{rel}","templated":true}]}}