{"id":224,"date":"2022-08-17T05:45:09","date_gmt":"2022-08-17T05:45:09","guid":{"rendered":"https:\/\/antoniosubtil.site-temporario.pt\/?page_id=224"},"modified":"2026-03-07T00:23:38","modified_gmt":"2026-03-07T00:23:38","slug":"termos","status":"publish","type":"page","link":"https:\/\/antoniosubtil.site-temporario.pt\/?page_id=224","title":{"rendered":"Termos de Uso"},"content":{"rendered":"\t\t<div data-elementor-type=\"wp-page\" data-elementor-id=\"224\" class=\"elementor elementor-224\">\n\t\t\t\t\t\t<section class=\"elementor-section elementor-top-section elementor-element elementor-element-0a6a682 elementor-section-stretched elementor-section-boxed elementor-section-height-default elementor-section-height-default\" data-id=\"0a6a682\" data-element_type=\"section\" data-e-type=\"section\" data-settings=\"{&quot;stretch_section&quot;:&quot;section-stretched&quot;}\">\n\t\t\t\t\t\t<div class=\"elementor-container elementor-column-gap-wider\">\n\t\t\t\t\t<div class=\"elementor-column elementor-col-100 elementor-top-column elementor-element elementor-element-7b217f5\" data-id=\"7b217f5\" data-element_type=\"column\" data-e-type=\"column\">\n\t\t\t<div class=\"elementor-widget-wrap elementor-element-populated\">\n\t\t\t\t\t\t<section class=\"elementor-section elementor-inner-section elementor-element elementor-element-ce12b8e elementor-section-boxed elementor-section-height-default elementor-section-height-default\" data-id=\"ce12b8e\" data-element_type=\"section\" data-e-type=\"section\">\n\t\t\t\t\t\t<div class=\"elementor-container elementor-column-gap-default\">\n\t\t\t\t\t<div class=\"elementor-column elementor-col-100 elementor-inner-column elementor-element elementor-element-6e48b9f\" data-id=\"6e48b9f\" data-element_type=\"column\" data-e-type=\"column\">\n\t\t\t<div class=\"elementor-widget-wrap elementor-element-populated\">\n\t\t\t\t\t\t<div class=\"elementor-element elementor-element-6c2f541 elementor-widget elementor-widget-text-editor\" data-id=\"6c2f541\" data-element_type=\"widget\" data-e-type=\"widget\" data-widget_type=\"text-editor.default\">\n\t\t\t\t\t\t\t\t\t<p data-start=\"203\" data-end=\"474\">A <strong>ANT\u00d3NIO SUBTIL UNIP LDA\u00a0<\/strong>valoriza a privacidade dos seus clientes e compromete-se a proteger os seus dados pessoais. Estes Termos e Condi\u00e7\u00f5es explicam como recolhemos, utilizamos e protegemos as suas informa\u00e7\u00f5es quando visita o nosso site ou realiza compras na nossa loja.<\/p><h4 data-start=\"481\" data-end=\"509\">\u00a0<\/h4><h3 data-start=\"481\" data-end=\"509\"><b>1. Dados Recolhidos<\/b><\/h3><p data-start=\"511\" data-end=\"562\">Podemos recolher os seguintes tipos de informa\u00e7\u00f5es:<\/p><ul data-start=\"564\" data-end=\"912\"><li data-start=\"564\" data-end=\"660\"><p data-start=\"566\" data-end=\"660\"><strong data-start=\"566\" data-end=\"584\">Dados Pessoais<\/strong>: Nome, e-mail, telefone, morada de entrega e fatura\u00e7\u00e3o, NIF (se aplic\u00e1vel).<\/p><\/li><li data-start=\"661\" data-end=\"771\"><p data-start=\"663\" data-end=\"771\"><strong data-start=\"663\" data-end=\"685\">Dados de Pagamento<\/strong>: Processados de forma segura por terceiros (ex.: cart\u00f5es de cr\u00e9dito, MB WAY, PayPal).<\/p><\/li><li data-start=\"772\" data-end=\"912\"><p data-start=\"774\" data-end=\"912\"><strong data-start=\"774\" data-end=\"796\">Dados de Navega\u00e7\u00e3o<\/strong>: Endere\u00e7o IP, tipo de dispositivo, navegador utilizado e comportamento no site (cookies e tecnologias semelhantes).<\/p><\/li><\/ul><h4 data-start=\"919\" data-end=\"961\">\u00a0<\/h4><h3 data-start=\"919\" data-end=\"961\"><strong data-start=\"924\" data-end=\"961\">2. Finalidade da Recolha de Dados<\/strong><\/h3><p data-start=\"963\" data-end=\"997\">Os seus dados s\u00e3o utilizados para:<\/p><ul data-start=\"999\" data-end=\"1241\"><li data-start=\"999\" data-end=\"1041\"><p data-start=\"1001\" data-end=\"1041\">Processar e entregar as suas encomendas;<\/p><\/li><li data-start=\"1042\" data-end=\"1070\"><p data-start=\"1044\" data-end=\"1070\">Fornecer apoio ao cliente;<\/p><\/li><li data-start=\"1071\" data-end=\"1133\"><p data-start=\"1073\" data-end=\"1133\">Melhorar a experi\u00eancia do utilizador e personalizar ofertas;<\/p><\/li><li data-start=\"1134\" data-end=\"1172\"><p data-start=\"1136\" data-end=\"1172\">Cumprir obriga\u00e7\u00f5es legais e fiscais;<\/p><\/li><li data-start=\"1173\" data-end=\"1241\"><p data-start=\"1175\" data-end=\"1241\">Enviar comunica\u00e7\u00f5es promocionais (com o seu consentimento pr\u00e9vio).<\/p><\/li><\/ul><h4 data-start=\"1248\" data-end=\"1277\">\u00a0<\/h4><h3 data-start=\"1248\" data-end=\"1277\"><strong data-start=\"1253\" data-end=\"1277\">3. Partilha de Dados<\/strong><\/h3><p data-start=\"1279\" data-end=\"1346\">Os seus dados poder\u00e3o ser partilhados apenas quando necess\u00e1rio com:<\/p><ul data-start=\"1348\" data-end=\"1529\"><li data-start=\"1348\" data-end=\"1418\"><p data-start=\"1350\" data-end=\"1418\">Empresas de pagamento e log\u00edstica para processamento das encomendas;<\/p><\/li><li data-start=\"1419\" data-end=\"1483\"><p data-start=\"1421\" data-end=\"1483\">Parceiros de marketing e publicidade (mediante consentimento);<\/p><\/li><li data-start=\"1484\" data-end=\"1529\"><p data-start=\"1486\" data-end=\"1529\">Autoridades legais, quando exigido por lei.<\/p><\/li><\/ul><h4 data-start=\"1536\" data-end=\"1567\">\u00a0<\/h4><h3 data-start=\"1536\" data-end=\"1567\"><strong data-start=\"1541\" data-end=\"1567\">4. Seguran\u00e7a dos Dados<\/strong><\/h3><p data-start=\"1569\" data-end=\"1729\">Adotamos medidas t\u00e9cnicas e organizacionais adequadas para proteger as suas informa\u00e7\u00f5es contra acessos n\u00e3o autorizados, perda, divulga\u00e7\u00e3o ou altera\u00e7\u00e3o indevida.<\/p><h4 data-start=\"1736\" data-end=\"1781\">\u00a0<\/h4><h3 data-start=\"1736\" data-end=\"1781\"><strong data-start=\"1741\" data-end=\"1781\">5. Cookies e Tecnologias Semelhantes<\/strong><\/h3><p data-start=\"1783\" data-end=\"1918\">Utilizamos cookies para melhorar a sua experi\u00eancia no site. Pode gerir as suas prefer\u00eancias de cookies nas defini\u00e7\u00f5es do seu navegador.<\/p><h3 data-start=\"1925\" data-end=\"1959\">\u00a0<\/h3><h3 data-start=\"1925\" data-end=\"1959\"><strong data-start=\"1930\" data-end=\"1959\">6. Direitos do Utilizador<\/strong><\/h3><p data-start=\"1961\" data-end=\"1991\">O utilizador tem o direito de:<\/p><ul data-start=\"1993\" data-end=\"2168\"><li data-start=\"1993\" data-end=\"2047\"><p data-start=\"1995\" data-end=\"2047\">Aceder, corrigir ou eliminar os seus dados pessoais;<\/p><\/li><li data-start=\"2048\" data-end=\"2105\"><p data-start=\"2050\" data-end=\"2105\">Retirar o consentimento para comunica\u00e7\u00f5es de marketing;<\/p><\/li><li data-start=\"2106\" data-end=\"2168\"><p data-start=\"2108\" data-end=\"2168\">Solicitar informa\u00e7\u00f5es sobre como os seus dados s\u00e3o tratados.<\/p><\/li><\/ul><p data-start=\"2170\" data-end=\"2270\">Para exercer estes direitos, entre em contacto connosco atrav\u00e9s dos canais disponibilizados no site.<\/p><h3 data-start=\"2277\" data-end=\"2322\">\u00a0<\/h3><h3 data-start=\"2277\" data-end=\"2322\"><strong data-start=\"2282\" data-end=\"2322\">7. Altera\u00e7\u00f5es aos Termos e Condi\u00e7\u00f5es<\/strong><\/h3><p data-start=\"2324\" data-end=\"2490\">Estes Termos e Condi\u00e7\u00f5es podem ser atualizados periodicamente. Recomendamos que os consulte regularmente para se manter informado sobre como protegemos os seus dados.<\/p>\t\t\t\t\t\t\t\t<\/div>\n\t\t\t\t\t<\/div>\n\t\t<\/div>\n\t\t\t\t\t<\/div>\n\t\t<\/section>\n\t\t\t\t\t<\/div>\n\t\t<\/div>\n\t\t\t\t\t<\/div>\n\t\t<\/section>\n\t\t\t\t<\/div>\n\t\t","protected":false},"excerpt":{"rendered":"<p>A ANT\u00d3NIO SUBTIL UNIP LDA\u00a0valoriza a privacidade dos seus clientes e compromete-se a proteger os seus dados pessoais. Estes Termos e Condi\u00e7\u00f5es explicam como recolhemos, utilizamos<span class=\"excerpt-hellip\"> [\u2026]<\/span><\/p>\n","protected":false},"author":3,"featured_media":0,"parent":0,"menu_order":0,"comment_status":"open","ping_status":"closed","template":"","meta":{"footnotes":""},"class_list":["post-224","page","type-page","status-publish","hentry"],"_links":{"self":[{"href":"https:\/\/antoniosubtil.site-temporario.pt\/index.php?rest_route=\/wp\/v2\/pages\/224","targetHints":{"allow":["GET"]}}],"collection":[{"href":"https:\/\/antoniosubtil.site-temporario.pt\/index.php?rest_route=\/wp\/v2\/pages"}],"about":[{"href":"https:\/\/antoniosubtil.site-temporario.pt\/index.php?rest_route=\/wp\/v2\/types\/page"}],"author":[{"embeddable":true,"href":"https:\/\/antoniosubtil.site-temporario.pt\/index.php?rest_route=\/wp\/v2\/users\/3"}],"replies":[{"embeddable":true,"href":"https:\/\/antoniosubtil.site-temporario.pt\/index.php?rest_route=%2Fwp%2Fv2%2Fcomments&post=224"}],"version-history":[{"count":4,"href":"https:\/\/antoniosubtil.site-temporario.pt\/index.php?rest_route=\/wp\/v2\/pages\/224\/revisions"}],"predecessor-version":[{"id":589,"href":"https:\/\/antoniosubtil.site-temporario.pt\/index.php?rest_route=\/wp\/v2\/pages\/224\/revisions\/589"}],"wp:attachment":[{"href":"https:\/\/antoniosubtil.site-temporario.pt\/index.php?rest_route=%2Fwp%2Fv2%2Fmedia&parent=224"}],"curies":[{"name":"wp","href":"https:\/\/api.w.org\/{rel}","templated":true}]}}